{"id":288,"date":"2015-05-23T00:55:06","date_gmt":"2015-05-22T22:55:06","guid":{"rendered":"http:\/\/neu.art-tonal.com\/art-tonal.com\/?page_id=288"},"modified":"2015-05-23T01:04:22","modified_gmt":"2015-05-22T23:04:22","slug":"tierurnen-4","status":"publish","type":"page","link":"https:\/\/art-tonal.com\/?page_id=288","title":{"rendered":"Tierurnen"},"content":{"rendered":"<p><a href=\"http:\/\/neu.art-tonal.com\/art-tonal.com\/wp-content\/uploads\/2015\/05\/IMG_8486.jpg\">Sie k\u00f6nnen Ihre pers\u00f6nliche Urne nach Ihren W\u00fcnschen und Vorstellungen anfertigen lassen.<\/a><\/p>\n<hr \/>\n<p><img loading=\"lazy\" decoding=\"async\" class=\"alignnone size-medium wp-image-248 aligncenter\" src=\"http:\/\/neu.art-tonal.com\/art-tonal.com\/wp-content\/uploads\/2015\/05\/IMG_8486-450x600.jpg\" alt=\"IMG_8486\" width=\"450\" height=\"600\" srcset=\"https:\/\/art-tonal.com\/wp-content\/uploads\/2015\/05\/IMG_8486-450x600.jpg 450w, https:\/\/art-tonal.com\/wp-content\/uploads\/2015\/05\/IMG_8486-768x1024.jpg 768w\" sizes=\"auto, (max-width: 450px) 100vw, 450px\" \/><a href=\"http:\/\/neu.art-tonal.com\/art-tonal.com\/wp-content\/uploads\/2015\/05\/Urne_Yistine_gabi.jpg\"><img loading=\"lazy\" decoding=\"async\" class=\"alignnone size-medium wp-image-280\" src=\"http:\/\/neu.art-tonal.com\/art-tonal.com\/wp-content\/uploads\/2015\/05\/Urne_Yistine_gabi-450x600.jpg\" alt=\"Urne_Yistine_gabi\" width=\"450\" height=\"600\" srcset=\"https:\/\/art-tonal.com\/wp-content\/uploads\/2015\/05\/Urne_Yistine_gabi-450x600.jpg 450w, https:\/\/art-tonal.com\/wp-content\/uploads\/2015\/05\/Urne_Yistine_gabi.jpg 630w\" sizes=\"auto, (max-width: 450px) 100vw, 450px\" \/><\/a><a href=\"http:\/\/neu.art-tonal.com\/art-tonal.com\/wp-content\/uploads\/2015\/05\/Urne_rot_Border.jpg\"><img loading=\"lazy\" decoding=\"async\" class=\"alignnone size-medium wp-image-279\" src=\"http:\/\/neu.art-tonal.com\/art-tonal.com\/wp-content\/uploads\/2015\/05\/Urne_rot_Border-450x600.jpg\" alt=\"Urne_rot_Border\" width=\"450\" height=\"600\" srcset=\"https:\/\/art-tonal.com\/wp-content\/uploads\/2015\/05\/Urne_rot_Border-450x600.jpg 450w, https:\/\/art-tonal.com\/wp-content\/uploads\/2015\/05\/Urne_rot_Border.jpg 630w\" sizes=\"auto, (max-width: 450px) 100vw, 450px\" \/><\/a><a href=\"http:\/\/neu.art-tonal.com\/art-tonal.com\/wp-content\/uploads\/2015\/05\/Urnen_Eule_gr.jpg\"><img loading=\"lazy\" decoding=\"async\" class=\"alignnone size-medium wp-image-278\" src=\"http:\/\/neu.art-tonal.com\/art-tonal.com\/wp-content\/uploads\/2015\/05\/Urnen_Eule_gr-600x451.jpg\" alt=\"Urnen_Eule_gr\" width=\"600\" height=\"451\" srcset=\"https:\/\/art-tonal.com\/wp-content\/uploads\/2015\/05\/Urnen_Eule_gr-600x451.jpg 600w, https:\/\/art-tonal.com\/wp-content\/uploads\/2015\/05\/Urnen_Eule_gr.jpg 787w\" sizes=\"auto, (max-width: 600px) 100vw, 600px\" \/><\/a><a href=\"http:\/\/neu.art-tonal.com\/art-tonal.com\/wp-content\/uploads\/2015\/05\/Urnen_kugel_gr.jpg\"><img loading=\"lazy\" decoding=\"async\" class=\"alignnone size-full wp-image-277\" src=\"http:\/\/neu.art-tonal.com\/art-tonal.com\/wp-content\/uploads\/2015\/05\/Urnen_kugel_gr.jpg\" alt=\"Urnen_kugel_gr\" width=\"300\" height=\"385\" \/><\/a><a href=\"http:\/\/neu.art-tonal.com\/art-tonal.com\/wp-content\/uploads\/2015\/05\/D_Eule-_rot_30cm.jpg\"><img loading=\"lazy\" decoding=\"async\" class=\"alignnone size-full wp-image-264\" src=\"http:\/\/neu.art-tonal.com\/art-tonal.com\/wp-content\/uploads\/2015\/05\/D_Eule-_rot_30cm.jpg\" alt=\"D_Eule _rot_30cm\" width=\"567\" height=\"531\" \/><\/a><a href=\"http:\/\/neu.art-tonal.com\/art-tonal.com\/wp-content\/uploads\/2015\/05\/Urne_schwarz_Briard.jpg\"><img loading=\"lazy\" decoding=\"async\" class=\"alignnone size-medium wp-image-281\" src=\"http:\/\/neu.art-tonal.com\/art-tonal.com\/wp-content\/uploads\/2015\/05\/Urne_schwarz_Briard-450x600.jpg\" alt=\"Urne_schwarz_Briard\" width=\"450\" height=\"600\" srcset=\"https:\/\/art-tonal.com\/wp-content\/uploads\/2015\/05\/Urne_schwarz_Briard-450x600.jpg 450w, https:\/\/art-tonal.com\/wp-content\/uploads\/2015\/05\/Urne_schwarz_Briard.jpg 630w\" sizes=\"auto, (max-width: 450px) 100vw, 450px\" \/><\/a><\/p>\n","protected":false},"excerpt":{"rendered":"<p>Sie k\u00f6nnen Ihre pers\u00f6nliche Urne nach Ihren W\u00fcnschen und Vorstellungen anfertigen lassen.<\/p>\n","protected":false},"author":2,"featured_media":0,"parent":179,"menu_order":0,"comment_status":"closed","ping_status":"closed","template":"","meta":{"footnotes":""},"class_list":["post-288","page","type-page","status-publish","hentry"],"_links":{"self":[{"href":"https:\/\/art-tonal.com\/index.php?rest_route=\/wp\/v2\/pages\/288","targetHints":{"allow":["GET"]}}],"collection":[{"href":"https:\/\/art-tonal.com\/index.php?rest_route=\/wp\/v2\/pages"}],"about":[{"href":"https:\/\/art-tonal.com\/index.php?rest_route=\/wp\/v2\/types\/page"}],"author":[{"embeddable":true,"href":"https:\/\/art-tonal.com\/index.php?rest_route=\/wp\/v2\/users\/2"}],"replies":[{"embeddable":true,"href":"https:\/\/art-tonal.com\/index.php?rest_route=%2Fwp%2Fv2%2Fcomments&post=288"}],"version-history":[{"count":5,"href":"https:\/\/art-tonal.com\/index.php?rest_route=\/wp\/v2\/pages\/288\/revisions"}],"predecessor-version":[{"id":293,"href":"https:\/\/art-tonal.com\/index.php?rest_route=\/wp\/v2\/pages\/288\/revisions\/293"}],"up":[{"embeddable":true,"href":"https:\/\/art-tonal.com\/index.php?rest_route=\/wp\/v2\/pages\/179"}],"wp:attachment":[{"href":"https:\/\/art-tonal.com\/index.php?rest_route=%2Fwp%2Fv2%2Fmedia&parent=288"}],"curies":[{"name":"wp","href":"https:\/\/api.w.org\/{rel}","templated":true}]}}