{"id":177,"date":"2015-05-14T16:08:48","date_gmt":"2015-05-14T14:08:48","guid":{"rendered":"http:\/\/neu.art-tonal.com\/art-tonal.com\/?page_id=177"},"modified":"2021-12-18T13:19:59","modified_gmt":"2021-12-18T12:19:59","slug":"raku","status":"publish","type":"page","link":"https:\/\/art-tonal.com\/?page_id=177","title":{"rendered":"Raku"},"content":{"rendered":"<p style=\"text-align: center;\"><strong><a href=\"http:\/\/neu.art-tonal.com\/art-tonal.com\/wp-content\/uploads\/2015\/05\/IMG_8737.jpg\">\u00a0<\/a><\/strong> <img loading=\"lazy\" decoding=\"async\" class=\"alignnone wp-image-431 size-medium\" src=\"http:\/\/art-tonal.com\/wp-content\/uploads\/2015\/05\/IMG_8730-600x450.jpg\" alt=\"\" width=\"600\" height=\"450\" srcset=\"https:\/\/art-tonal.com\/wp-content\/uploads\/2015\/05\/IMG_8730-600x450.jpg 600w, https:\/\/art-tonal.com\/wp-content\/uploads\/2015\/05\/IMG_8730-1024x768.jpg 1024w\" sizes=\"auto, (max-width: 600px) 100vw, 600px\" \/><\/p>\n<p style=\"text-align: center;\"><strong>Raku <span lang=\"ja\" xml:lang=\"ja\">\u697d<\/span><\/strong><\/p>\n<p style=\"text-align: center;\">w\u00f6rtliche Bedeutung ist<\/p>\n<p style=\"text-align: center;\">Freude, Gl\u00fcck , Ungezwungenheit.<\/p>\n<p style=\"text-align: center;\">den Ursprung von Raku findet man in der jahrhundertalten japanischen Zen-Kultur,<\/p>\n<p style=\"text-align: center;\">eine fern\u00f6stliche Philosophie und Lebensanschauung aus dem 16.Jahrhundert,<\/p>\n<p style=\"text-align: center;\">ab den Sechzigerjahren wurde diese Technik in eine freie Kunstform ver\u00e4ndert, bei der die gl\u00fchenden Keramiken in S\u00e4gesp\u00e4ne gestellt wurden. ( westliches Raku)<\/p>\n<p style=\"text-align: center;\">Westliches Raku bezeichnet eine Brenntechnik bei der das glasierte oder unglasierte Gef\u00e4\u00df\u00a0 \u2013 entgegen dem herk\u00f6mmlichen Verfahren Keramik zu brennen (langsames Abk\u00fchlen im geschlossenen Ofen) &#8211;sturzgek\u00fchlt wird\u00a0 . Bei diesem Niedrigbrand werden die rotgl\u00fchenden Gef\u00e4\u00dfe einzeln mit einer langen Zange bei Temperaturen um 1000\u00a0\u00b0C dem Ofen entnommen und in einem Beh\u00e4lter mit organischem Brennstoff (Laub, Stroh, Heu etc.) luftdicht eingebettet. Raku-Keramik ist oft relativ dickwandig, damit sie bei diesem Wechsel vom Ofen zum Beh\u00e4lter nicht zu viel Hitze verliert. Der entstehende Rauch (Kohlenstoff), der Sauerstoffentzug sowie die im Laub enthaltenen Mineralien wirken stark auf den Tonscherben und die Glasurfarbe ein. Blatt- und Grasabdr\u00fccke verewigen sich manchmal in der noch weichen Glasur. Durch die stark reduzierende Atmosph\u00e4re wird der noch weichen Glasur Sauerstoff entzogen. Die chemische Zusammensetzung ver\u00e4ndert sich teilweise, z.\u00a0B. aus Kupferoxid (gr\u00fcn) wird Kupfer (rot), und die Glasurfarbe \u00e4ndert sich. Kohlenstoff (schwarz) dringt durch Haarrisse (Krack) und lagert sich im Tonscherben ein. Der Brennverlauf l\u00e4sst sich beim Raku nur bedingt steuern, sodass jedes St\u00fcck ein unnachahmliches Unikat ist.<\/p>\n<p><a style=\"text-align: center;\" href=\"http:\/\/neu.art-tonal.com\/art-tonal.com\/wp-content\/uploads\/2015\/05\/Raku6.jpg\">\u00a0<\/a><\/p>\n<p style=\"text-align: center;\"><img loading=\"lazy\" decoding=\"async\" class=\"alignnone wp-image-379 size-medium\" src=\"http:\/\/art-tonal.com\/wp-content\/uploads\/2015\/05\/Raku2.1-600x360.jpg\" alt=\"\" width=\"600\" height=\"360\" srcset=\"https:\/\/art-tonal.com\/wp-content\/uploads\/2015\/05\/Raku2.1-600x360.jpg 600w, https:\/\/art-tonal.com\/wp-content\/uploads\/2015\/05\/Raku2.1-1024x614.jpg 1024w\" sizes=\"auto, (max-width: 600px) 100vw, 600px\" \/><a href=\"http:\/\/neu.art-tonal.com\/art-tonal.com\/wp-content\/uploads\/2015\/05\/Raku6.jpg\"> <img loading=\"lazy\" decoding=\"async\" class=\"alignnone wp-image-384 size-medium\" src=\"http:\/\/art-tonal.com\/wp-content\/uploads\/2015\/05\/Raku6-600x360.jpg\" alt=\"\" width=\"600\" height=\"360\" srcset=\"https:\/\/art-tonal.com\/wp-content\/uploads\/2015\/05\/Raku6-600x360.jpg 600w, https:\/\/art-tonal.com\/wp-content\/uploads\/2015\/05\/Raku6-1024x614.jpg 1024w\" sizes=\"auto, (max-width: 600px) 100vw, 600px\" \/><\/a> <a href=\"http:\/\/neu.art-tonal.com\/art-tonal.com\/wp-content\/uploads\/2015\/05\/Raku5.jpg\"><img loading=\"lazy\" decoding=\"async\" class=\"alignnone wp-image-383 size-medium\" src=\"http:\/\/art-tonal.com\/wp-content\/uploads\/2015\/05\/Raku5-600x360.jpg\" alt=\"\" width=\"600\" height=\"360\" srcset=\"https:\/\/art-tonal.com\/wp-content\/uploads\/2015\/05\/Raku5-600x360.jpg 600w, https:\/\/art-tonal.com\/wp-content\/uploads\/2015\/05\/Raku5-1024x614.jpg 1024w\" sizes=\"auto, (max-width: 600px) 100vw, 600px\" \/> <\/a><img loading=\"lazy\" decoding=\"async\" class=\"alignnone wp-image-380 size-medium\" src=\"http:\/\/art-tonal.com\/wp-content\/uploads\/2015\/05\/Raku2-600x360.jpg\" alt=\"\" width=\"600\" height=\"360\" srcset=\"https:\/\/art-tonal.com\/wp-content\/uploads\/2015\/05\/Raku2-600x360.jpg 600w, https:\/\/art-tonal.com\/wp-content\/uploads\/2015\/05\/Raku2-1024x614.jpg 1024w\" sizes=\"auto, (max-width: 600px) 100vw, 600px\" \/> <img loading=\"lazy\" decoding=\"async\" class=\"alignnone wp-image-381 size-medium\" src=\"http:\/\/art-tonal.com\/wp-content\/uploads\/2015\/05\/Raku3-600x360.jpg\" alt=\"\" width=\"600\" height=\"360\" srcset=\"https:\/\/art-tonal.com\/wp-content\/uploads\/2015\/05\/Raku3-600x360.jpg 600w, https:\/\/art-tonal.com\/wp-content\/uploads\/2015\/05\/Raku3-1024x614.jpg 1024w\" sizes=\"auto, (max-width: 600px) 100vw, 600px\" \/> <img loading=\"lazy\" decoding=\"async\" class=\"alignnone wp-image-330 size-medium\" src=\"http:\/\/art-tonal.com\/wp-content\/uploads\/2015\/05\/IMG_8515-600x450.jpg\" alt=\"\" width=\"600\" height=\"450\" srcset=\"https:\/\/art-tonal.com\/wp-content\/uploads\/2015\/05\/IMG_8515-600x450.jpg 600w, https:\/\/art-tonal.com\/wp-content\/uploads\/2015\/05\/IMG_8515-1024x768.jpg 1024w\" sizes=\"auto, (max-width: 600px) 100vw, 600px\" \/> \u00a0<img loading=\"lazy\" decoding=\"async\" class=\"alignnone wp-image-323 size-medium\" src=\"http:\/\/art-tonal.com\/wp-content\/uploads\/2015\/05\/IMG_8513-450x600.jpg\" alt=\"\" width=\"450\" height=\"600\" srcset=\"https:\/\/art-tonal.com\/wp-content\/uploads\/2015\/05\/IMG_8513-450x600.jpg 450w, https:\/\/art-tonal.com\/wp-content\/uploads\/2015\/05\/IMG_8513-768x1024.jpg 768w\" sizes=\"auto, (max-width: 450px) 100vw, 450px\" \/><\/p>\n<p style=\"text-align: center;\">\u00a0Bei ca. 900 Grad<\/p>\n<p><img loading=\"lazy\" decoding=\"async\" class=\"  alignnone wp-image-329 size-medium\" src=\"http:\/\/art-tonal.com\/wp-content\/uploads\/2015\/05\/IMG_85111-600x450.jpg\" alt=\"\" width=\"600\" height=\"450\" srcset=\"https:\/\/art-tonal.com\/wp-content\/uploads\/2015\/05\/IMG_85111-600x450.jpg 600w, https:\/\/art-tonal.com\/wp-content\/uploads\/2015\/05\/IMG_85111-1024x768.jpg 1024w\" sizes=\"auto, (max-width: 600px) 100vw, 600px\" \/><\/p>\n<p>eine kleine Auswahl der Ergebnisse<\/p>\n<p><img loading=\"lazy\" decoding=\"async\" class=\"alignnone wp-image-432 size-medium\" src=\"http:\/\/art-tonal.com\/wp-content\/uploads\/2015\/05\/IMG_8731-450x600.jpg\" alt=\"\" width=\"450\" height=\"600\" srcset=\"https:\/\/art-tonal.com\/wp-content\/uploads\/2015\/05\/IMG_8731-450x600.jpg 450w, https:\/\/art-tonal.com\/wp-content\/uploads\/2015\/05\/IMG_8731-768x1024.jpg 768w\" sizes=\"auto, (max-width: 450px) 100vw, 450px\" \/><\/p>\n<p style=\"text-align: center;\">\n<p style=\"text-align: center;\">\n<p style=\"text-align: center;\"><img loading=\"lazy\" decoding=\"async\" class=\"alignnone wp-image-448 size-medium\" src=\"http:\/\/art-tonal.com\/wp-content\/uploads\/2016\/01\/IMG_8740-600x450.jpg\" alt=\"\" width=\"600\" height=\"450\" srcset=\"https:\/\/art-tonal.com\/wp-content\/uploads\/2016\/01\/IMG_8740-600x450.jpg 600w, https:\/\/art-tonal.com\/wp-content\/uploads\/2016\/01\/IMG_8740-1024x768.jpg 1024w\" sizes=\"auto, (max-width: 600px) 100vw, 600px\" \/><\/p>\n<p style=\"text-align: center;\">\n<p style=\"text-align: center;\">\n<p style=\"text-align: center;\">\n<p style=\"text-align: center;\"><a href=\"http:\/\/neu.art-tonal.com\/art-tonal.com\/wp-content\/uploads\/2016\/01\/IMG_8743.jpg\"><img loading=\"lazy\" decoding=\"async\" class=\"alignnone wp-image-451 size-medium\" src=\"http:\/\/art-tonal.com\/wp-content\/uploads\/2016\/01\/IMG_8743-600x450.jpg\" alt=\"\" width=\"600\" height=\"450\" srcset=\"https:\/\/art-tonal.com\/wp-content\/uploads\/2016\/01\/IMG_8743-600x450.jpg 600w, https:\/\/art-tonal.com\/wp-content\/uploads\/2016\/01\/IMG_8743-1024x768.jpg 1024w\" sizes=\"auto, (max-width: 600px) 100vw, 600px\" \/>\u00a0 <\/a><\/p>\n<p style=\"text-align: center;\">\n<p style=\"text-align: center;\">\n<p style=\"text-align: center;\">\n<p style=\"text-align: center;\"><img loading=\"lazy\" decoding=\"async\" class=\"alignnone wp-image-447 size-medium\" src=\"http:\/\/art-tonal.com\/wp-content\/uploads\/2016\/01\/IMG_8738-600x450.jpg\" alt=\"\" width=\"600\" height=\"450\" srcset=\"https:\/\/art-tonal.com\/wp-content\/uploads\/2016\/01\/IMG_8738-600x450.jpg 600w, https:\/\/art-tonal.com\/wp-content\/uploads\/2016\/01\/IMG_8738-1024x768.jpg 1024w\" sizes=\"auto, (max-width: 600px) 100vw, 600px\" \/>rgebnisse<\/p>\n","protected":false},"excerpt":{"rendered":"<p>\u00a0 Raku \u697d w\u00f6rtliche Bedeutung ist Freude, Gl\u00fcck , Ungezwungenheit. den Ursprung von Raku findet man in der jahrhundertalten japanischen Zen-Kultur, eine fern\u00f6stliche Philosophie und Lebensanschauung aus dem 16.Jahrhundert, ab den Sechzigerjahren wurde diese Technik in eine freie Kunstform ver\u00e4ndert, bei der die&hellip;<\/p>\n","protected":false},"author":2,"featured_media":324,"parent":0,"menu_order":5,"comment_status":"closed","ping_status":"closed","template":"","meta":{"footnotes":""},"class_list":["post-177","page","type-page","status-publish","has-post-thumbnail","hentry"],"_links":{"self":[{"href":"https:\/\/art-tonal.com\/index.php?rest_route=\/wp\/v2\/pages\/177","targetHints":{"allow":["GET"]}}],"collection":[{"href":"https:\/\/art-tonal.com\/index.php?rest_route=\/wp\/v2\/pages"}],"about":[{"href":"https:\/\/art-tonal.com\/index.php?rest_route=\/wp\/v2\/types\/page"}],"author":[{"embeddable":true,"href":"https:\/\/art-tonal.com\/index.php?rest_route=\/wp\/v2\/users\/2"}],"replies":[{"embeddable":true,"href":"https:\/\/art-tonal.com\/index.php?rest_route=%2Fwp%2Fv2%2Fcomments&post=177"}],"version-history":[{"count":15,"href":"https:\/\/art-tonal.com\/index.php?rest_route=\/wp\/v2\/pages\/177\/revisions"}],"predecessor-version":[{"id":842,"href":"https:\/\/art-tonal.com\/index.php?rest_route=\/wp\/v2\/pages\/177\/revisions\/842"}],"wp:featuredmedia":[{"embeddable":true,"href":"https:\/\/art-tonal.com\/index.php?rest_route=\/wp\/v2\/media\/324"}],"wp:attachment":[{"href":"https:\/\/art-tonal.com\/index.php?rest_route=%2Fwp%2Fv2%2Fmedia&parent=177"}],"curies":[{"name":"wp","href":"https:\/\/api.w.org\/{rel}","templated":true}]}}