{"id":168,"date":"2015-05-14T14:45:19","date_gmt":"2015-05-14T12:45:19","guid":{"rendered":"http:\/\/neu.art-tonal.com\/art-tonal.com\/?page_id=168"},"modified":"2023-03-07T20:02:50","modified_gmt":"2023-03-07T19:02:50","slug":"maerkte-und-veranstaltungen","status":"publish","type":"page","link":"https:\/\/art-tonal.com\/?page_id=168","title":{"rendered":"Termine"},"content":{"rendered":"<p style=\"text-align: center;\"><span style=\"font-family: Comic Sans MS, sans-serif; font-size: 18pt; color: #ff0000;\"><strong>\u00a0Ich biete die M\u00f6glichkeit telefonisch einen Termin mit mir zu vereinbaren.<\/strong><\/span><\/p>\n<p style=\"text-align: center;\"><span style=\"font-family: Comic Sans MS, sans-serif; font-size: 18pt; color: #ff0000;\"><strong>0157 8588 4390<\/strong><\/span><\/p>\n<p style=\"text-align: center;\"><span style=\"font-size: 24pt; font-family: Comic Sans MS, sans-serif;\">Tag der offenen T\u00f6pferei<\/span><\/p>\n<p style=\"text-align: center;\"><span style=\"font-size: 24pt; font-family: Comic Sans MS, sans-serif;\"><strong>und Er\u00f6ffnung der Galerie <\/strong><\/span><\/p>\n<p style=\"text-align: center;\"><span style=\"font-family: Comic Sans MS, sans-serif;\"><strong><span style=\"font-size: 24pt;\">des T\u00f6pfergArtens in H\u00f6tensleben<\/span> <\/strong><\/span><\/p>\n<p>am 11. und 12. M\u00e4rz 2023<\/p>\n<p style=\"text-align: center;\">jeweils von 10 bis 18 Uhr<\/p>\n<p style=\"text-align: center;\">unter dem bekannten Motto \u201eSCHAUEN, ANFASSEN, STAUNEN\u201c zum 18. \u201eTag der offenen T\u00f6pferei\u201c in ihre Werkst\u00e4tten und Ateliers ein. Im Mittelpunkt des 18. \u201eTag der offenen T\u00f6pferei\u201c stehen Begegnung und Austausch.<\/p>\n<p>Auch der T\u00f6pfergArten in H\u00f6tensleben ist beim Tag der offenen T\u00f6pferei wieder mit dabei, dieses Jahr ist es endlich soweit, die lange geplante Galerie wird er\u00f6ffnet.<br \/>\nZur Feier dieses Ereignisses habe ich die befreundete Keramikerin Kerstin Schnur aus Sch\u00f6nebeck eingeladen mit mir zusammen den T\u00f6pfergArten zu gestalten. Freuen Sie sich auf ein vielf\u00e4ltiges Angebot aus zwei Werkst\u00e4tten.<\/p>\n<p>Wir zeigen ihnen ausschlie\u00dflich handgefertigt Arbeiten aus eigener Produktion,<\/p>\n<p>hochgebrand und frostsicher f\u00fcr Haus und Garten. Stelen zum selber zusammenstellen, Kr\u00e4uterk\u00f6pfe, Eulen Raben, Fische, Lauscher, Knutschkugeln, Spr\u00fcchetassen &#8230;.<\/p>\n<p>Kerstin Schnur sagt \u00fcber ihre Keramik:<br \/>\nMeine Figuren l\u00f6sen eine gewisse Beschwingheit aus und fordern dazu auf, auch allzu menschliche Probleme nicht zu ernst zu nehmen. Spitzb\u00fcbigkeit und Lust am Leben kommen in meiner sehr eigenen Ausdrucksweise ebenso zur Geltung, wie die Kunst sich auf das Wesentliche zu fokussieren und damit dem Betrachter freien Lauf bei der Interpretation meiner Werke einzur\u00e4umen . . .\u00a0 .<br \/>\nF\u00fchlen Sie sich eingeladen, den Tag zwischen all den individuellen und kreativen Keramiken bei Kaffee, Tee und Kuchen zu genie\u00dfen.<\/p>\n<p>Sie k\u00f6nnen mir beim Drehen an der T\u00f6pferscheibe zu sehen und wer sich traut kann auch gerne selbst an der T\u00f6pferscheibe sein Gl\u00fcck versuchen, nat\u00fcrlich unter fachkundiger Anleitung.<\/p>\n<p>Wir freuen uns auf ihrem Besuch am 11. und 12. M\u00e4rz 2023<\/p>\n<p>T\u00f6pfergArten<br \/>\nBirgit Bremer<br \/>\nAuf dem Amt 8<br \/>\n0157 8588 4390<br \/>\n39393 H\u00f6tensleben<br \/>\nbremer-birgit@t-online.de<br \/>\nwww.art-tonal.com<\/p>\n<p style=\"text-align: center;\"><span style=\"font-family: Comic Sans MS, sans-serif; font-size: 14pt;\">Allen die zu den \u00d6ffnungzeiten nicht k\u00f6nnen oder wollen, biete ich die M\u00f6glichkeit telefonisch einen Einzeltermin mit mir zu vereinbaren.<\/span><\/p>\n<p style=\"text-align: center;\"><span style=\"font-family: Comic Sans MS, sans-serif; font-size: 24pt; color: #ff0000;\">0157 8588 4390<\/span><\/p>\n<p style=\"text-align: center;\">\n<p style=\"text-align: center;\"><span style=\"font-family: Comic Sans MS, sans-serif; font-size: 14pt;\"><a href=\"http:\/\/neu.art-tonal.com\/art-tonal.com\/wp-content\/uploads\/2015\/05\/Raku5.jpg\">\u00a0<\/a><\/span><\/p>\n<p style=\"text-align: center;\"><span style=\"font-family: Comic Sans MS, sans-serif; font-size: 14pt;\"><strong>\u00a0<\/strong><\/span><\/p>\n<p style=\"text-align: center;\"><span style=\"font-family: Comic Sans MS, sans-serif;\"><a href=\"http:\/\/neu.art-tonal.com\/art-tonal.com\/wp-content\/uploads\/2015\/05\/075.jpg\"><img loading=\"lazy\" decoding=\"async\" class=\" size-medium wp-image-404 aligncenter\" src=\"http:\/\/neu.art-tonal.com\/art-tonal.com\/wp-content\/uploads\/2015\/05\/075-600x450.jpg\" alt=\"075\" width=\"600\" height=\"450\" srcset=\"https:\/\/art-tonal.com\/wp-content\/uploads\/2015\/05\/075-600x450.jpg 600w, https:\/\/art-tonal.com\/wp-content\/uploads\/2015\/05\/075-1024x768.jpg 1024w\" sizes=\"auto, (max-width: 600px) 100vw, 600px\" \/><\/a><\/span><\/p>\n","protected":false},"excerpt":{"rendered":"<p>\u00a0Ich biete die M\u00f6glichkeit telefonisch einen Termin mit mir zu vereinbaren. 0157 8588 4390 Tag der offenen T\u00f6pferei und Er\u00f6ffnung der Galerie des T\u00f6pfergArtens in H\u00f6tensleben am 11. und 12. M\u00e4rz 2023 jeweils von 10 bis 18 Uhr unter dem bekannten Motto \u201eSCHAUEN,&hellip;<\/p>\n","protected":false},"author":2,"featured_media":0,"parent":0,"menu_order":0,"comment_status":"closed","ping_status":"closed","template":"","meta":{"footnotes":""},"class_list":["post-168","page","type-page","status-publish","hentry"],"_links":{"self":[{"href":"https:\/\/art-tonal.com\/index.php?rest_route=\/wp\/v2\/pages\/168","targetHints":{"allow":["GET"]}}],"collection":[{"href":"https:\/\/art-tonal.com\/index.php?rest_route=\/wp\/v2\/pages"}],"about":[{"href":"https:\/\/art-tonal.com\/index.php?rest_route=\/wp\/v2\/types\/page"}],"author":[{"embeddable":true,"href":"https:\/\/art-tonal.com\/index.php?rest_route=\/wp\/v2\/users\/2"}],"replies":[{"embeddable":true,"href":"https:\/\/art-tonal.com\/index.php?rest_route=%2Fwp%2Fv2%2Fcomments&post=168"}],"version-history":[{"count":18,"href":"https:\/\/art-tonal.com\/index.php?rest_route=\/wp\/v2\/pages\/168\/revisions"}],"predecessor-version":[{"id":850,"href":"https:\/\/art-tonal.com\/index.php?rest_route=\/wp\/v2\/pages\/168\/revisions\/850"}],"wp:attachment":[{"href":"https:\/\/art-tonal.com\/index.php?rest_route=%2Fwp%2Fv2%2Fmedia&parent=168"}],"curies":[{"name":"wp","href":"https:\/\/api.w.org\/{rel}","templated":true}]}}